{"id":613,"date":"2017-01-24T22:12:03","date_gmt":"2017-01-24T22:12:03","guid":{"rendered":"https:\/\/elock.de\/start\/?page_id=613"},"modified":"2018-05-22T13:36:02","modified_gmt":"2018-05-22T13:36:02","slug":"newsletter-signup","status":"publish","type":"page","link":"https:\/\/elock.de\/start\/","title":{"rendered":"Newsletter"},"content":{"rendered":"<p>Sehr geehrte Damen und Herren,<\/p>\n<p>am 25. Mai 2018 tritt die neue Datenschutzgrundverordnung in<br \/>\nKraft. Sie regelt, wie wir mit unseren Kunden und interessierten<br \/>\nAnsprechpartnern kommunizieren d\u00fcrfen. Wir\u00a0m\u00f6chten Sie nat\u00fcrlich weiterhin gerne auf dem Laufenden halten und Sie per E-Mail \u00fcber neue<br \/>\nL\u00f6sungen informieren oder Sie zu Fachmessen und Seminaren<br \/>\neinladen.<\/p>\n<p>Den Newsletter abonnieren<style id='mailster-form-default' type='text\/css'>.mailster-embeded-form body{background:0;padding:0;margin:0}.mailster-embeded-form .mailster-form-body{padding:5px !important;margin:auto !important}.mailster-form-wrap{max-width:100%;max-height:95%;min-width:100px;-webkit-overflow-scrolling:touch}.mailster-form{margin-bottom:20px;position:relative}.mailster-form:before{content:\"\";position:absolute;display:block;height:100%;width:100%;z-index:1;background-repeat:no-repeat;background-position:center center;background-size:20px 20px;background-image:url('https:\/\/elock.de\/start\/wp-content\/plugins\/mailster\/assets\/css\/..\/img\/loading.gif');visibility:hidden;opacity:0;transition:opacity .15s ease-in-out}.mailster-form.loading:before{opacity:1;visibility:visible}@media only screen and (-webkit-min-device-pixel-ratio:2),only screen and (min-resolution:192dpi){.mailster-form:before{background-image:url('https:\/\/elock.de\/start\/wp-content\/plugins\/mailster\/assets\/css\/..\/img\/loading_2x.gif')}}.mailster-form:after,.mailster-form-fields:after{content:\".\";visibility:hidden;display:block;height:0;clear:both}.mailster-form,.mailster-form .input,.mailster-form .mailster-form-info{width:100%;box-sizing:border-box}.mailster-embeded-form .mailster-form{margin-bottom:3px}.mailster-form .mailster-wrapper{position:relative;margin-bottom:2px;transition:opacity .15s ease-in-out}.mailster-form.loading .mailster-wrapper{opacity:.2}.mailster-form textarea.input{resize:vertical;height:150px}.mailster-form li{list-style:none !important;margin-left:0;padding-left:0}span.mailster-required{font-size:120%;font-weight:700;color:#bf4d4d}.mailster-lists-wrapper ul{list-style:none;margin-left:0;padding-left:0}.mailster-lists-wrapper ul li{margin-left:0}.mailster-list-description{color:inherit;display:block;margin-left:25px;font-size:.8em}.mailster-form-info{height:0;border-radius:2px;padding:5px;margin-bottom:4px;color:#fff;padding:9px 16px;transition:all .2s;-webkit-transform:scale(0);-moz-transform:scale(0);-ms-transform:scale(0);transform:scale(0)}.mailster-form.loading .mailster-form-info{opacity:0}.mailster-form-info a{color:#fff}.mailster-form-info.success,.mailster-form-info.error{display:block;height:100%;-webkit-transform:scale(1);-moz-transform:scale(1);-ms-transform:scale(1);transform:scale(1)}.mailster-form .error input,.mailster-form .error select,.mailster-form .error textarea{outline:2px solid #bf4d4d;outline-offset:0}.mailster-form-info.error{background:#bf4d4d}.mailster-form-info.success{background-color:#6fbf4d;text-align:center}.mailster-form-info ul,.mailster-form .mailster-form-info p{margin:0;padding:0}.mailster-form-info ul li{color:inherit;margin-left:0}.mailster-submit-wrapper{margin-top:6px}.mailster-form .submit-button{cursor:pointer}.mailster-form .submit-button:focus{outline:0}<\/style><form action=\"https:\/\/elock.de\/start\/mailster\/subscribe\" method=\"post\" class=\"mailster-form mailster-form-submit mailster-ajax-form mailster-form-1\" novalidate><input name=\"_action\" type=\"hidden\" value=\"subscribe\">\n<input name=\"_referer\" type=\"hidden\" value=\"https:\/\/elock.de\/start\/start\/wp-json\/wp\/v2\/pages\/613\">\n<input name=\"_nonce\" type=\"hidden\" value=\"032fbf94b8\">\n<input name=\"formid\" type=\"hidden\" value=\"1\">\n<div class=\"mailster-form-fields\">\n<div class=\"mailster-wrapper mailster-email-wrapper\"><label for=\"mailster-email-1\">E-Mail <span class=\"mailster-required\">*<\/span><\/label><input id=\"mailster-email-1\" name=\"email\" type=\"email\" value=\"\" class=\"input mailster-email mailster-required\" aria-required=\"true\" aria-label=\"E-Mail\" spellcheck=\"false\"><\/div>\n<label style=\"position:absolute;top:-99999px;left:-99999px;z-index:-99;\"><input name=\"n_e6ca48c855_email\" type=\"email\" tabindex=\"-1\" autocomplete=\"noton\" autofill=\"off\"><\/label>\n<div class=\"mailster-wrapper mailster-submit-wrapper form-submit\"><input name=\"submit\" type=\"submit\" value=\"Anmelden\" class=\"submit-button button\" aria-label=\"Anmelden\"><\/div>\n<\/div>\n<\/form>\n<\/p>\n  \n<p>Mir ist bewusst, dass ich meine Einwilligung jederzeit, ohne<br \/>\nAngabe von Gr\u00fcnden per E-Mail an\u00a0vertrieb(at)elock.de<br \/>\nwiderrufen kann. Den Datenschutzhinweis zu dieser Einwilligung<br \/>\nfinden Sie\u00a0<a href=\"https:\/\/elock.de\/start\/datenschutzerklaerung\/\">hier<\/a>.<\/p>\n","protected":false},"excerpt":{"rendered":"<p>Sehr geehrte Damen und Herren, am 25. Mai 2018 tritt die neue Datenschutzgrundverordnung in Kraft. Sie regelt, wie wir mit unseren Kunden und interessierten Ansprechpartnern kommunizieren d\u00fcrfen. Wir\u00a0m\u00f6chten Sie nat\u00fcrlich weiterhin gerne auf dem Laufenden halten und Sie per E-Mail \u00fcber neue L\u00f6sungen informieren oder Sie zu Fachmessen und Seminaren einladen. Mir ist bewusst, dass &hellip; <\/p>\n<p class=\"link-more\"><a href=\"https:\/\/elock.de\/start\/\" class=\"more-link\"><span class=\"screen-reader-text\">\u201eNewsletter\u201c<\/span> weiterlesen<\/a><\/p>\n","protected":false},"author":1,"featured_media":0,"parent":0,"menu_order":0,"comment_status":"closed","ping_status":"closed","template":"","meta":[],"_links":{"self":[{"href":"https:\/\/elock.de\/start\/wp-json\/wp\/v2\/pages\/613"}],"collection":[{"href":"https:\/\/elock.de\/start\/wp-json\/wp\/v2\/pages"}],"about":[{"href":"https:\/\/elock.de\/start\/wp-json\/wp\/v2\/types\/page"}],"author":[{"embeddable":true,"href":"https:\/\/elock.de\/start\/wp-json\/wp\/v2\/users\/1"}],"replies":[{"embeddable":true,"href":"https:\/\/elock.de\/start\/wp-json\/wp\/v2\/comments?post=613"}],"version-history":[{"count":6,"href":"https:\/\/elock.de\/start\/wp-json\/wp\/v2\/pages\/613\/revisions"}],"predecessor-version":[{"id":1160,"href":"https:\/\/elock.de\/start\/wp-json\/wp\/v2\/pages\/613\/revisions\/1160"}],"wp:attachment":[{"href":"https:\/\/elock.de\/start\/wp-json\/wp\/v2\/media?parent=613"}],"curies":[{"name":"wp","href":"https:\/\/api.w.org\/{rel}","templated":true}]}}